{"id":1742,"date":"2017-08-31T11:24:41","date_gmt":"2017-08-31T09:24:41","guid":{"rendered":"http:\/\/gemmavalls.com\/infantil-juvenil\/"},"modified":"2026-01-13T10:27:50","modified_gmt":"2026-01-13T09:27:50","slug":"infantil-y-juvenil","status":"publish","type":"page","link":"https:\/\/gemmavalls.com\/es\/infantil-y-juvenil\/","title":{"rendered":"Ginecolog\u00eda Infantil y Juvenil"},"content":{"rendered":"","protected":false},"excerpt":{"rendered":"","protected":false},"author":7,"featured_media":1687,"parent":0,"menu_order":4,"comment_status":"closed","ping_status":"closed","template":"","meta":{"footnotes":""},"class_list":["post-1742","page","type-page","status-publish","has-post-thumbnail","hentry"],"yoast_head":"<!-- This site is optimized with the Yoast SEO plugin v26.8 - https:\/\/yoast.com\/product\/yoast-seo-wordpress\/ -->\n<title>Dra. Gemma Valls | Ginecolog\u00eda Infantil y Juvenil | Lleida<\/title>\n<meta name=\"description\" content=\"Ginecolog\u00eda Infantil y Juvenil. Necesidades diferentes al resto de mujeres, trato espec\u00edfico y especial. Visita confidencial.\" \/>\n<meta name=\"robots\" content=\"index, follow, max-snippet:-1, max-image-preview:large, max-video-preview:-1\" \/>\n<link rel=\"canonical\" href=\"https:\/\/gemmavalls.com\/infantil-y-juvenil\/\" \/>\n<meta property=\"og:locale\" content=\"es_ES\" \/>\n<meta property=\"og:type\" content=\"article\" \/>\n<meta property=\"og:title\" content=\"Dra. Gemma Valls | Ginecolog\u00eda Infantil y Juvenil | Lleida\" \/>\n<meta property=\"og:description\" content=\"Ginecolog\u00eda Infantil y Juvenil. Necesidades diferentes al resto de mujeres, trato espec\u00edfico y especial. Visita confidencial.\" \/>\n<meta property=\"og:url\" content=\"https:\/\/gemmavalls.com\/infantil-y-juvenil\/\" \/>\n<meta property=\"og:site_name\" content=\"Gemma Valls\" \/>\n<meta property=\"article:publisher\" content=\"https:\/\/www.facebook.com\/gemmavallsginecologa\" \/>\n<meta property=\"article:modified_time\" content=\"2026-01-13T09:27:50+00:00\" \/>\n<meta property=\"og:image\" content=\"https:\/\/gemmavalls.com\/wp-content\/uploads\/2017\/05\/picto.jpg\" \/>\n\t<meta property=\"og:image:width\" content=\"521\" \/>\n\t<meta property=\"og:image:height\" content=\"521\" \/>\n\t<meta property=\"og:image:type\" content=\"image\/jpeg\" \/>\n<meta name=\"twitter:card\" content=\"summary_large_image\" \/>\n<meta name=\"twitter:label1\" content=\"Tiempo de lectura\" \/>\n\t<meta name=\"twitter:data1\" content=\"4 minutos\" \/>\n<script type=\"application\/ld+json\" class=\"yoast-schema-graph\">{\"@context\":\"https:\/\/schema.org\",\"@graph\":[{\"@type\":\"WebPage\",\"@id\":\"https:\/\/gemmavalls.com\/infantil-y-juvenil\/\",\"url\":\"https:\/\/gemmavalls.com\/infantil-y-juvenil\/\",\"name\":\"Dra. Gemma Valls | Ginecolog\u00eda Infantil y Juvenil | Lleida\",\"isPartOf\":{\"@id\":\"https:\/\/gemmavalls.com\/es\/#website\"},\"primaryImageOfPage\":{\"@id\":\"https:\/\/gemmavalls.com\/infantil-y-juvenil\/#primaryimage\"},\"image\":{\"@id\":\"https:\/\/gemmavalls.com\/infantil-y-juvenil\/#primaryimage\"},\"thumbnailUrl\":\"https:\/\/gemmavalls.com\/wp-content\/uploads\/2017\/05\/picto.jpg\",\"datePublished\":\"2017-08-31T09:24:41+00:00\",\"dateModified\":\"2026-01-13T09:27:50+00:00\",\"description\":\"Ginecolog\u00eda Infantil y Juvenil. Necesidades diferentes al resto de mujeres, trato espec\u00edfico y especial. Visita confidencial.\",\"breadcrumb\":{\"@id\":\"https:\/\/gemmavalls.com\/infantil-y-juvenil\/#breadcrumb\"},\"inLanguage\":\"es\",\"potentialAction\":[{\"@type\":\"ReadAction\",\"target\":[\"https:\/\/gemmavalls.com\/infantil-y-juvenil\/\"]}]},{\"@type\":\"ImageObject\",\"inLanguage\":\"es\",\"@id\":\"https:\/\/gemmavalls.com\/infantil-y-juvenil\/#primaryimage\",\"url\":\"https:\/\/gemmavalls.com\/wp-content\/uploads\/2017\/05\/picto.jpg\",\"contentUrl\":\"https:\/\/gemmavalls.com\/wp-content\/uploads\/2017\/05\/picto.jpg\",\"width\":521,\"height\":521,\"caption\":\"logo gemma valls\"},{\"@type\":\"BreadcrumbList\",\"@id\":\"https:\/\/gemmavalls.com\/infantil-y-juvenil\/#breadcrumb\",\"itemListElement\":[{\"@type\":\"ListItem\",\"position\":1,\"name\":\"Home\",\"item\":\"https:\/\/gemmavalls.com\/es\/ginecologia-y-obstetricia-especialista-en-menopausia\/\"},{\"@type\":\"ListItem\",\"position\":2,\"name\":\"Ginecolog\u00eda Infantil y Juvenil\"}]},{\"@type\":\"WebSite\",\"@id\":\"https:\/\/gemmavalls.com\/es\/#website\",\"url\":\"https:\/\/gemmavalls.com\/es\/\",\"name\":\"Gemma Valls | ginec\u00f2loga\",\"description\":\"Ginecolog\u00eda y obstetricia\",\"publisher\":{\"@id\":\"https:\/\/gemmavalls.com\/es\/#organization\"},\"alternateName\":\"Dra. Gemma Valls Ricart\",\"potentialAction\":[{\"@type\":\"SearchAction\",\"target\":{\"@type\":\"EntryPoint\",\"urlTemplate\":\"https:\/\/gemmavalls.com\/es\/?s={search_term_string}\"},\"query-input\":{\"@type\":\"PropertyValueSpecification\",\"valueRequired\":true,\"valueName\":\"search_term_string\"}}],\"inLanguage\":\"es\"},{\"@type\":\"Organization\",\"@id\":\"https:\/\/gemmavalls.com\/es\/#organization\",\"name\":\"Dra. Gemma Valls Ricart\",\"alternateName\":\"Gemma Valls ginecologia\",\"url\":\"https:\/\/gemmavalls.com\/es\/\",\"logo\":{\"@type\":\"ImageObject\",\"inLanguage\":\"es\",\"@id\":\"https:\/\/gemmavalls.com\/es\/#\/schema\/logo\/image\/\",\"url\":\"https:\/\/gemmavalls.com\/wp-content\/uploads\/2017\/05\/picto.jpg\",\"contentUrl\":\"https:\/\/gemmavalls.com\/wp-content\/uploads\/2017\/05\/picto.jpg\",\"width\":521,\"height\":521,\"caption\":\"Dra. Gemma Valls Ricart\"},\"image\":{\"@id\":\"https:\/\/gemmavalls.com\/es\/#\/schema\/logo\/image\/\"},\"sameAs\":[\"https:\/\/www.facebook.com\/gemmavallsginecologa\",\"https:\/\/www.instagram.com\/dra.gemmavalls\/\"]}]}<\/script>\n<!-- \/ Yoast SEO plugin. -->","yoast_head_json":{"title":"Dra. Gemma Valls | Ginecolog\u00eda Infantil y Juvenil | Lleida","description":"Ginecolog\u00eda Infantil y Juvenil. Necesidades diferentes al resto de mujeres, trato espec\u00edfico y especial. Visita confidencial.","robots":{"index":"index","follow":"follow","max-snippet":"max-snippet:-1","max-image-preview":"max-image-preview:large","max-video-preview":"max-video-preview:-1"},"canonical":"https:\/\/gemmavalls.com\/infantil-y-juvenil\/","og_locale":"es_ES","og_type":"article","og_title":"Dra. Gemma Valls | Ginecolog\u00eda Infantil y Juvenil | Lleida","og_description":"Ginecolog\u00eda Infantil y Juvenil. Necesidades diferentes al resto de mujeres, trato espec\u00edfico y especial. Visita confidencial.","og_url":"https:\/\/gemmavalls.com\/infantil-y-juvenil\/","og_site_name":"Gemma Valls","article_publisher":"https:\/\/www.facebook.com\/gemmavallsginecologa","article_modified_time":"2026-01-13T09:27:50+00:00","og_image":[{"width":521,"height":521,"url":"https:\/\/gemmavalls.com\/wp-content\/uploads\/2017\/05\/picto.jpg","type":"image\/jpeg"}],"twitter_card":"summary_large_image","twitter_misc":{"Tiempo de lectura":"4 minutos"},"schema":{"@context":"https:\/\/schema.org","@graph":[{"@type":"WebPage","@id":"https:\/\/gemmavalls.com\/infantil-y-juvenil\/","url":"https:\/\/gemmavalls.com\/infantil-y-juvenil\/","name":"Dra. Gemma Valls | Ginecolog\u00eda Infantil y Juvenil | Lleida","isPartOf":{"@id":"https:\/\/gemmavalls.com\/es\/#website"},"primaryImageOfPage":{"@id":"https:\/\/gemmavalls.com\/infantil-y-juvenil\/#primaryimage"},"image":{"@id":"https:\/\/gemmavalls.com\/infantil-y-juvenil\/#primaryimage"},"thumbnailUrl":"https:\/\/gemmavalls.com\/wp-content\/uploads\/2017\/05\/picto.jpg","datePublished":"2017-08-31T09:24:41+00:00","dateModified":"2026-01-13T09:27:50+00:00","description":"Ginecolog\u00eda Infantil y Juvenil. Necesidades diferentes al resto de mujeres, trato espec\u00edfico y especial. Visita confidencial.","breadcrumb":{"@id":"https:\/\/gemmavalls.com\/infantil-y-juvenil\/#breadcrumb"},"inLanguage":"es","potentialAction":[{"@type":"ReadAction","target":["https:\/\/gemmavalls.com\/infantil-y-juvenil\/"]}]},{"@type":"ImageObject","inLanguage":"es","@id":"https:\/\/gemmavalls.com\/infantil-y-juvenil\/#primaryimage","url":"https:\/\/gemmavalls.com\/wp-content\/uploads\/2017\/05\/picto.jpg","contentUrl":"https:\/\/gemmavalls.com\/wp-content\/uploads\/2017\/05\/picto.jpg","width":521,"height":521,"caption":"logo gemma valls"},{"@type":"BreadcrumbList","@id":"https:\/\/gemmavalls.com\/infantil-y-juvenil\/#breadcrumb","itemListElement":[{"@type":"ListItem","position":1,"name":"Home","item":"https:\/\/gemmavalls.com\/es\/ginecologia-y-obstetricia-especialista-en-menopausia\/"},{"@type":"ListItem","position":2,"name":"Ginecolog\u00eda Infantil y Juvenil"}]},{"@type":"WebSite","@id":"https:\/\/gemmavalls.com\/es\/#website","url":"https:\/\/gemmavalls.com\/es\/","name":"Gemma Valls | ginec\u00f2loga","description":"Ginecolog\u00eda y obstetricia","publisher":{"@id":"https:\/\/gemmavalls.com\/es\/#organization"},"alternateName":"Dra. Gemma Valls Ricart","potentialAction":[{"@type":"SearchAction","target":{"@type":"EntryPoint","urlTemplate":"https:\/\/gemmavalls.com\/es\/?s={search_term_string}"},"query-input":{"@type":"PropertyValueSpecification","valueRequired":true,"valueName":"search_term_string"}}],"inLanguage":"es"},{"@type":"Organization","@id":"https:\/\/gemmavalls.com\/es\/#organization","name":"Dra. Gemma Valls Ricart","alternateName":"Gemma Valls ginecologia","url":"https:\/\/gemmavalls.com\/es\/","logo":{"@type":"ImageObject","inLanguage":"es","@id":"https:\/\/gemmavalls.com\/es\/#\/schema\/logo\/image\/","url":"https:\/\/gemmavalls.com\/wp-content\/uploads\/2017\/05\/picto.jpg","contentUrl":"https:\/\/gemmavalls.com\/wp-content\/uploads\/2017\/05\/picto.jpg","width":521,"height":521,"caption":"Dra. Gemma Valls Ricart"},"image":{"@id":"https:\/\/gemmavalls.com\/es\/#\/schema\/logo\/image\/"},"sameAs":["https:\/\/www.facebook.com\/gemmavallsginecologa","https:\/\/www.instagram.com\/dra.gemmavalls\/"]}]}},"_links":{"self":[{"href":"https:\/\/gemmavalls.com\/es\/wp-json\/wp\/v2\/pages\/1742","targetHints":{"allow":["GET"]}}],"collection":[{"href":"https:\/\/gemmavalls.com\/es\/wp-json\/wp\/v2\/pages"}],"about":[{"href":"https:\/\/gemmavalls.com\/es\/wp-json\/wp\/v2\/types\/page"}],"author":[{"embeddable":true,"href":"https:\/\/gemmavalls.com\/es\/wp-json\/wp\/v2\/users\/7"}],"replies":[{"embeddable":true,"href":"https:\/\/gemmavalls.com\/es\/wp-json\/wp\/v2\/comments?post=1742"}],"version-history":[{"count":5,"href":"https:\/\/gemmavalls.com\/es\/wp-json\/wp\/v2\/pages\/1742\/revisions"}],"predecessor-version":[{"id":2266,"href":"https:\/\/gemmavalls.com\/es\/wp-json\/wp\/v2\/pages\/1742\/revisions\/2266"}],"wp:featuredmedia":[{"embeddable":true,"href":"https:\/\/gemmavalls.com\/es\/wp-json\/wp\/v2\/media\/1687"}],"wp:attachment":[{"href":"https:\/\/gemmavalls.com\/es\/wp-json\/wp\/v2\/media?parent=1742"}],"curies":[{"name":"wp","href":"https:\/\/api.w.org\/{rel}","templated":true}]}}