{"id":1952,"date":"2018-12-07T10:42:08","date_gmt":"2018-12-07T09:42:08","guid":{"rendered":"http:\/\/gemmavalls.com\/politica-de-cookies-copy\/"},"modified":"2020-12-09T13:12:51","modified_gmt":"2020-12-09T12:12:51","slug":"proteccion-de-datos","status":"publish","type":"page","link":"https:\/\/gemmavalls.com\/es\/proteccion-de-datos\/","title":{"rendered":"Protecci\u00f3n de datos"},"content":{"rendered":"<h3>Informaci\u00f3n sobre Protecci\u00f3n de Datos<\/h3>\n<p><strong>1.\u00a0\u00a0 \u00a0Datos relativos al Responsable<\/strong><br \/>\n<strong>Responsable Tratamiento\u2028\u00a0<\/strong><br \/>\nEmpresa: GEMMA VALLS RICART &#8211; 43704349W<br \/>\nDirecci\u00f3n: CARRER CAVALLERS, 3, 1 &#8211; (25002) LLEIDA<br \/>\nContacto: gemmavallsginecologia@gmail.com &#8211; 650420880<\/p>\n<h4>2.\u00a0\u00a0 \u00a0Finalidades<\/h4>\n<p>En cumplimiento de lo dispuesto en el Reglamento Europeo 2016\/679 General de Protecci\u00f3n de Datos, le informamos de que, dependiendo de la relaci\u00f3n que tenga con nosotros, en GEMMA VALLS RICART tratamos los datos que nos facilita para alguna, o todas, las siguientes finalidades:<br \/>\no\u00a0\u00a0 \u00a0Archivo\/historial de trabajadores y extrabajadores de la empresa<br \/>\no\u00a0\u00a0 \u00a0Compra\/venta de material<br \/>\no\u00a0\u00a0 \u00a0Comunicaci\u00f3n mediante chats, con el Responsable y otros Afectados<br \/>\no\u00a0\u00a0 \u00a0Control y supervisi\u00f3n de la eficiencia y calidad de la entidad<br \/>\no\u00a0\u00a0 \u00a0Coordinaci\u00f3n de actividades empresariales<br \/>\no\u00a0\u00a0 \u00a0Creaci\u00f3n de contratos, confecci\u00f3n de n\u00f3minas y otras tareas relacionadas<br \/>\no\u00a0\u00a0 \u00a0Formaci\u00f3n<br \/>\no\u00a0\u00a0 \u00a0Gesti\u00f3n contable, administrativa, de facturaci\u00f3n y gesti\u00f3n de cobros.<br \/>\no\u00a0\u00a0 \u00a0Gesti\u00f3n contable, administrativa, de facturaci\u00f3n, de cobros y pagos<br \/>\no\u00a0\u00a0 \u00a0Mantenimiento de la relaci\u00f3n laboral y contra-prestaci\u00f3n por los trabajos realizados<br \/>\no\u00a0\u00a0 \u00a0Obtenci\u00f3n, desarrollo y almacenamiento del historial cl\u00ednico del paciente<br \/>\no\u00a0\u00a0 \u00a0Prescripci\u00f3n m\u00e9dica de recetario de psic\u00f3tropos al paciente<br \/>\no\u00a0\u00a0 \u00a0Prestarles un servicio<br \/>\no\u00a0\u00a0 \u00a0Realizaci\u00f3n de certificaciones<br \/>\no\u00a0\u00a0 \u00a0Realizaci\u00f3n de cobro mediante TPV<br \/>\no\u00a0\u00a0 \u00a0Realizaci\u00f3n de tratamientos sanitarios<br \/>\no\u00a0\u00a0 \u00a0Recepci\u00f3n de la prestaci\u00f3n de un servicio<br \/>\no\u00a0\u00a0 \u00a0Registro evolutivo de los trabajos realizados<br \/>\no\u00a0\u00a0 \u00a0Tramitaci\u00f3n de altas y bajas por enfermedad com\u00fan o accidente laboral<br \/>\no\u00a0\u00a0 \u00a0Utilizaci\u00f3n de datos derivados de las actividades de la empresa<\/p>\n<h4>3.\u00a0\u00a0 \u00a0Plazo de conservaci\u00f3n de los datos<\/h4>\n<p>Sus datos ser\u00e1n conservados mientras dure la relaci\u00f3n contractual, comercial o de otro tipo con nuestra entidad, solicite su supresi\u00f3n, as\u00ed como el tiempo necesario para cumplir las obligaciones legales.<\/p>\n<h4>4.\u00a0\u00a0 \u00a0Legitimaci\u00f3n<\/h4>\n<p>La base legal para el tratamiento de tus datos radica por:<br \/>\no\u00a0\u00a0 \u00a0Consentimiento inequ\u00edvoco<br \/>\no\u00a0\u00a0 \u00a0Ejecuci\u00f3n de un contrato<\/p>\n<h4>5.\u00a0\u00a0 \u00a0Destinatarios<\/h4>\n<p>Sus datos personales ser\u00e1n comunicados a terceros en los siguientes supuestos:<br \/>\no\u00a0\u00a0 \u00a0A otros responsables del tratamiento<br \/>\no\u00a0\u00a0 \u00a0Administraci\u00f3n tributaria<br \/>\no\u00a0\u00a0 \u00a0Bancos y entidades financieras<br \/>\no\u00a0\u00a0 \u00a0Gestor\u00eda\/Asesor\u00eda<br \/>\no\u00a0\u00a0 \u00a0Laboratorios y asimilados<br \/>\no\u00a0\u00a0 \u00a0Seguridad social<br \/>\no\u00a0\u00a0 \u00a0Servicio de Prevenci\u00f3n de Riesgos Laborales<\/p>\n<h4>6.\u00a0\u00a0 \u00a0Derechos<\/h4>\n<p>Tiene derecho a obtener confirmaci\u00f3n sobre si en GEMMA VALLS RICART estamos tratando datos personales que le conciernan, o no.<br \/>\nAsimismo, tiene derecho de acceso a sus datos personales, as\u00ed como a solicitar la rectificaci\u00f3n de los datos inexactos o, en su caso, solicitar su supresi\u00f3n cuando, entre otros motivos, los datos ya no sean necesarios para los fines que fueron recogidos.<br \/>\nEn determinadas circunstancias, podr\u00e1 solicitar la limitaci\u00f3n del tratamiento de sus datos, en cuyo caso \u00fanicamente los conservaremos para el ejercicio o la defensa de reclamaciones.<br \/>\nAdicionalmente, en determinadas circunstancias y por motivos relacionados con tu situaci\u00f3n particular, podr\u00e1 ejercer el derecho de oposici\u00f3n al tratamiento de sus datos. GEMMA VALLS RICART dejar\u00e1 de tratar los datos, salvo por motivos leg\u00edtimos imperiosos, o el ejercicio o la defensa de posibles reclamaciones.<br \/>\nAsimismo, puede ejercer el derecho a la portabilidad de los datos, as\u00ed como retirar los consentimientos facilitados en cualquier momento, sin que ello afecte a la licitud del tratamiento basado en el consentimiento previo a su retirada.<br \/>\nSi desea hacer uso de cualquiera de tus derechos puede realizarlos a trav\u00e9s de los enlaces habilitados que encontrar\u00e1 a continuaci\u00f3n:<br \/>\no\u00a0\u00a0 \u00a0Para ejercer su derecho de <strong>Acceso<\/strong> haga <a href=\"https:\/\/intranet.milopd.com\/webApp\/clientes_derechos\/derechos-formulario.php?id_cliente=Z3lIU3U5aEVGNi9pMW45aU9nZE5Wdz09\" target=\"_blank\" rel=\"noopener noreferrer\">clic aqu\u00ed<\/a><br \/>\no\u00a0\u00a0 \u00a0Para ejercer su derecho de <strong>Rectificaci\u00f3n<\/strong> haga <a href=\"https:\/\/intranet.milopd.com\/webApp\/clientes_derechos\/derechos-formulario.php?id_cliente=Z3lIU3U5aEVGNi9pMW45aU9nZE5Wdz09\" target=\"_blank\" rel=\"noopener noreferrer\">clic aqu\u00ed<\/a><br \/>\no\u00a0\u00a0 \u00a0Para ejercer su derecho de <strong>Supresi\u00f3n (Olvido)<\/strong> haga <a href=\"https:\/\/intranet.milopd.com\/webApp\/clientes_derechos\/derechos-formulario.php?id_cliente=Z3lIU3U5aEVGNi9pMW45aU9nZE5Wdz09\" target=\"_blank\" rel=\"noopener noreferrer\">clic aqu\u00ed<\/a><br \/>\no\u00a0\u00a0 \u00a0Para ejercer su derecho de <strong>Limitaci\u00f3n del Tratamiento<\/strong> haga <a href=\"https:\/\/intranet.milopd.com\/webApp\/clientes_derechos\/derechos-formulario.php?id_cliente=Z3lIU3U5aEVGNi9pMW45aU9nZE5Wdz09\" target=\"_blank\" rel=\"noopener noreferrer\">clic aqu\u00ed<\/a><br \/>\no\u00a0\u00a0 \u00a0Para ejercer su derecho de <strong>Oposici\u00f3n<\/strong> haga <a href=\"https:\/\/intranet.milopd.com\/webApp\/clientes_derechos\/derechos-formulario.php?id_cliente=Z3lIU3U5aEVGNi9pMW45aU9nZE5Wdz09\" target=\"_blank\" rel=\"noopener noreferrer\">clic aqu\u00ed<\/a><br \/>\no\u00a0\u00a0 \u00a0Para ejercer su derecho de <strong>Portabilidad<\/strong> haga <a href=\"https:\/\/intranet.milopd.com\/webApp\/clientes_derechos\/derechos-formulario.php?id_cliente=Z3lIU3U5aEVGNi9pMW45aU9nZE5Wdz09\" target=\"_blank\" rel=\"noopener noreferrer\">clic aqu\u00ed<\/a><br \/>\nAlternativamente, tambi\u00e9n puede dirigirse a nosotros mediante correo postal a la siguiente direcci\u00f3n: CARRER CAVALLERS, 3, 1 &#8211; (25002) LLEIDA adjuntado una fotocopia del DNI, para la certeza de su identidad. Recuerde facilitar la mayor informaci\u00f3n posible sobre su solicitud: Nombre y apellidos, direcci\u00f3n de correo electr\u00f3nico que utiliza para la cuenta o portal objeto de tu solicitud.<br \/>\nPor \u00faltimo, le informamos que puede dirigirse ante la Agencia Espa\u00f1ola de Protecci\u00f3n de Datos y dem\u00e1s organismos p\u00fablicos competentes para cualquier reclamaci\u00f3n derivada del tratamiento de tus datos personales.<\/p>\n<h4>7.\u00a0\u00a0 \u00a0Pol\u00edtica de cookies<\/h4>\n<p>Para conocer las cookies que utilizamos en nuestra p\u00e1gina, recuerde que puede acceder a nuestra Pol\u00edtica de Cookies a trav\u00e9s del siguiente enlace <a href=\"https:\/\/gemmavalls.com\/es\/politica-de-cookies\/\" target=\"_blank\" rel=\"noopener noreferrer\">pol\u00edtica de cookies<\/a>.<\/p>\n","protected":false},"excerpt":{"rendered":"<p>Informaci\u00f3n sobre Protecci\u00f3n de Datos 1.\u00a0\u00a0 \u00a0Datos relativos al Responsable Responsable Tratamiento\u2028\u00a0 Empresa: GEMMA VALLS RICART &#8211; 43704349W Direcci\u00f3n: CARRER CAVALLERS, 3, 1 &#8211; (25002) LLEIDA Contacto: gemmavallsginecologia@gmail.com &#8211; 650420880 2.\u00a0\u00a0 \u00a0Finalidades En cumplimiento de lo dispuesto en el Reglamento Europeo 2016\/679 General de Protecci\u00f3n de Datos, le informamos de que, dependiendo de la relaci\u00f3n [&hellip;]<\/p>\n","protected":false},"author":7,"featured_media":0,"parent":0,"menu_order":9,"comment_status":"closed","ping_status":"closed","template":"","meta":{"footnotes":""},"class_list":["post-1952","page","type-page","status-publish","hentry"],"yoast_head":"<!-- This site is optimized with the Yoast SEO plugin v26.8 - https:\/\/yoast.com\/product\/yoast-seo-wordpress\/ -->\n<title>Protecci\u00f3n de datos | Gemma Valls<\/title>\n<meta name=\"robots\" content=\"index, follow, max-snippet:-1, max-image-preview:large, max-video-preview:-1\" \/>\n<link rel=\"canonical\" href=\"https:\/\/gemmavalls.com\/es\/proteccion-de-datos\/\" \/>\n<meta property=\"og:locale\" content=\"es_ES\" \/>\n<meta property=\"og:type\" content=\"article\" \/>\n<meta property=\"og:title\" content=\"Protecci\u00f3n de datos | Gemma Valls\" \/>\n<meta property=\"og:description\" content=\"Informaci\u00f3n sobre Protecci\u00f3n de Datos 1.\u00a0\u00a0 \u00a0Datos relativos al Responsable Responsable Tratamiento\u2028\u00a0 Empresa: GEMMA VALLS RICART &#8211; 43704349W Direcci\u00f3n: CARRER CAVALLERS, 3, 1 &#8211; (25002) LLEIDA Contacto: gemmavallsginecologia@gmail.com &#8211; 650420880 2.\u00a0\u00a0 \u00a0Finalidades En cumplimiento de lo dispuesto en el Reglamento Europeo 2016\/679 General de Protecci\u00f3n de Datos, le informamos de que, dependiendo de la relaci\u00f3n [&hellip;]\" \/>\n<meta property=\"og:url\" content=\"https:\/\/gemmavalls.com\/es\/proteccion-de-datos\/\" \/>\n<meta property=\"og:site_name\" content=\"Gemma Valls\" \/>\n<meta property=\"article:publisher\" content=\"https:\/\/www.facebook.com\/gemmavallsginecologa\" \/>\n<meta property=\"article:modified_time\" content=\"2020-12-09T12:12:51+00:00\" \/>\n<meta property=\"og:image\" content=\"https:\/\/gemmavalls.com\/wp-content\/uploads\/2017\/05\/picto.jpg\" \/>\n\t<meta property=\"og:image:width\" content=\"521\" \/>\n\t<meta property=\"og:image:height\" content=\"521\" \/>\n\t<meta property=\"og:image:type\" content=\"image\/jpeg\" \/>\n<meta name=\"twitter:card\" content=\"summary_large_image\" \/>\n<meta name=\"twitter:label1\" content=\"Tiempo de lectura\" \/>\n\t<meta name=\"twitter:data1\" content=\"4 minutos\" \/>\n<script type=\"application\/ld+json\" class=\"yoast-schema-graph\">{\"@context\":\"https:\/\/schema.org\",\"@graph\":[{\"@type\":\"WebPage\",\"@id\":\"https:\/\/gemmavalls.com\/es\/proteccion-de-datos\/\",\"url\":\"https:\/\/gemmavalls.com\/es\/proteccion-de-datos\/\",\"name\":\"Protecci\u00f3n de datos | Gemma Valls\",\"isPartOf\":{\"@id\":\"https:\/\/gemmavalls.com\/es\/#website\"},\"datePublished\":\"2018-12-07T09:42:08+00:00\",\"dateModified\":\"2020-12-09T12:12:51+00:00\",\"breadcrumb\":{\"@id\":\"https:\/\/gemmavalls.com\/es\/proteccion-de-datos\/#breadcrumb\"},\"inLanguage\":\"es\",\"potentialAction\":[{\"@type\":\"ReadAction\",\"target\":[\"https:\/\/gemmavalls.com\/es\/proteccion-de-datos\/\"]}]},{\"@type\":\"BreadcrumbList\",\"@id\":\"https:\/\/gemmavalls.com\/es\/proteccion-de-datos\/#breadcrumb\",\"itemListElement\":[{\"@type\":\"ListItem\",\"position\":1,\"name\":\"Home\",\"item\":\"https:\/\/gemmavalls.com\/es\/ginecologia-y-obstetricia-especialista-en-menopausia\/\"},{\"@type\":\"ListItem\",\"position\":2,\"name\":\"Protecci\u00f3n de datos\"}]},{\"@type\":\"WebSite\",\"@id\":\"https:\/\/gemmavalls.com\/es\/#website\",\"url\":\"https:\/\/gemmavalls.com\/es\/\",\"name\":\"Gemma Valls | ginec\u00f2loga\",\"description\":\"Ginecolog\u00eda y obstetricia\",\"publisher\":{\"@id\":\"https:\/\/gemmavalls.com\/es\/#organization\"},\"alternateName\":\"Dra. Gemma Valls Ricart\",\"potentialAction\":[{\"@type\":\"SearchAction\",\"target\":{\"@type\":\"EntryPoint\",\"urlTemplate\":\"https:\/\/gemmavalls.com\/es\/?s={search_term_string}\"},\"query-input\":{\"@type\":\"PropertyValueSpecification\",\"valueRequired\":true,\"valueName\":\"search_term_string\"}}],\"inLanguage\":\"es\"},{\"@type\":\"Organization\",\"@id\":\"https:\/\/gemmavalls.com\/es\/#organization\",\"name\":\"Dra. Gemma Valls Ricart\",\"alternateName\":\"Gemma Valls ginecologia\",\"url\":\"https:\/\/gemmavalls.com\/es\/\",\"logo\":{\"@type\":\"ImageObject\",\"inLanguage\":\"es\",\"@id\":\"https:\/\/gemmavalls.com\/es\/#\/schema\/logo\/image\/\",\"url\":\"https:\/\/gemmavalls.com\/wp-content\/uploads\/2017\/05\/picto.jpg\",\"contentUrl\":\"https:\/\/gemmavalls.com\/wp-content\/uploads\/2017\/05\/picto.jpg\",\"width\":521,\"height\":521,\"caption\":\"Dra. Gemma Valls Ricart\"},\"image\":{\"@id\":\"https:\/\/gemmavalls.com\/es\/#\/schema\/logo\/image\/\"},\"sameAs\":[\"https:\/\/www.facebook.com\/gemmavallsginecologa\",\"https:\/\/www.instagram.com\/dra.gemmavalls\/\"]}]}<\/script>\n<!-- \/ Yoast SEO plugin. -->","yoast_head_json":{"title":"Protecci\u00f3n de datos | Gemma Valls","robots":{"index":"index","follow":"follow","max-snippet":"max-snippet:-1","max-image-preview":"max-image-preview:large","max-video-preview":"max-video-preview:-1"},"canonical":"https:\/\/gemmavalls.com\/es\/proteccion-de-datos\/","og_locale":"es_ES","og_type":"article","og_title":"Protecci\u00f3n de datos | Gemma Valls","og_description":"Informaci\u00f3n sobre Protecci\u00f3n de Datos 1.\u00a0\u00a0 \u00a0Datos relativos al Responsable Responsable Tratamiento\u2028\u00a0 Empresa: GEMMA VALLS RICART &#8211; 43704349W Direcci\u00f3n: CARRER CAVALLERS, 3, 1 &#8211; (25002) LLEIDA Contacto: gemmavallsginecologia@gmail.com &#8211; 650420880 2.\u00a0\u00a0 \u00a0Finalidades En cumplimiento de lo dispuesto en el Reglamento Europeo 2016\/679 General de Protecci\u00f3n de Datos, le informamos de que, dependiendo de la relaci\u00f3n [&hellip;]","og_url":"https:\/\/gemmavalls.com\/es\/proteccion-de-datos\/","og_site_name":"Gemma Valls","article_publisher":"https:\/\/www.facebook.com\/gemmavallsginecologa","article_modified_time":"2020-12-09T12:12:51+00:00","og_image":[{"width":521,"height":521,"url":"https:\/\/gemmavalls.com\/wp-content\/uploads\/2017\/05\/picto.jpg","type":"image\/jpeg"}],"twitter_card":"summary_large_image","twitter_misc":{"Tiempo de lectura":"4 minutos"},"schema":{"@context":"https:\/\/schema.org","@graph":[{"@type":"WebPage","@id":"https:\/\/gemmavalls.com\/es\/proteccion-de-datos\/","url":"https:\/\/gemmavalls.com\/es\/proteccion-de-datos\/","name":"Protecci\u00f3n de datos | Gemma Valls","isPartOf":{"@id":"https:\/\/gemmavalls.com\/es\/#website"},"datePublished":"2018-12-07T09:42:08+00:00","dateModified":"2020-12-09T12:12:51+00:00","breadcrumb":{"@id":"https:\/\/gemmavalls.com\/es\/proteccion-de-datos\/#breadcrumb"},"inLanguage":"es","potentialAction":[{"@type":"ReadAction","target":["https:\/\/gemmavalls.com\/es\/proteccion-de-datos\/"]}]},{"@type":"BreadcrumbList","@id":"https:\/\/gemmavalls.com\/es\/proteccion-de-datos\/#breadcrumb","itemListElement":[{"@type":"ListItem","position":1,"name":"Home","item":"https:\/\/gemmavalls.com\/es\/ginecologia-y-obstetricia-especialista-en-menopausia\/"},{"@type":"ListItem","position":2,"name":"Protecci\u00f3n de datos"}]},{"@type":"WebSite","@id":"https:\/\/gemmavalls.com\/es\/#website","url":"https:\/\/gemmavalls.com\/es\/","name":"Gemma Valls | ginec\u00f2loga","description":"Ginecolog\u00eda y obstetricia","publisher":{"@id":"https:\/\/gemmavalls.com\/es\/#organization"},"alternateName":"Dra. Gemma Valls Ricart","potentialAction":[{"@type":"SearchAction","target":{"@type":"EntryPoint","urlTemplate":"https:\/\/gemmavalls.com\/es\/?s={search_term_string}"},"query-input":{"@type":"PropertyValueSpecification","valueRequired":true,"valueName":"search_term_string"}}],"inLanguage":"es"},{"@type":"Organization","@id":"https:\/\/gemmavalls.com\/es\/#organization","name":"Dra. Gemma Valls Ricart","alternateName":"Gemma Valls ginecologia","url":"https:\/\/gemmavalls.com\/es\/","logo":{"@type":"ImageObject","inLanguage":"es","@id":"https:\/\/gemmavalls.com\/es\/#\/schema\/logo\/image\/","url":"https:\/\/gemmavalls.com\/wp-content\/uploads\/2017\/05\/picto.jpg","contentUrl":"https:\/\/gemmavalls.com\/wp-content\/uploads\/2017\/05\/picto.jpg","width":521,"height":521,"caption":"Dra. Gemma Valls Ricart"},"image":{"@id":"https:\/\/gemmavalls.com\/es\/#\/schema\/logo\/image\/"},"sameAs":["https:\/\/www.facebook.com\/gemmavallsginecologa","https:\/\/www.instagram.com\/dra.gemmavalls\/"]}]}},"_links":{"self":[{"href":"https:\/\/gemmavalls.com\/es\/wp-json\/wp\/v2\/pages\/1952","targetHints":{"allow":["GET"]}}],"collection":[{"href":"https:\/\/gemmavalls.com\/es\/wp-json\/wp\/v2\/pages"}],"about":[{"href":"https:\/\/gemmavalls.com\/es\/wp-json\/wp\/v2\/types\/page"}],"author":[{"embeddable":true,"href":"https:\/\/gemmavalls.com\/es\/wp-json\/wp\/v2\/users\/7"}],"replies":[{"embeddable":true,"href":"https:\/\/gemmavalls.com\/es\/wp-json\/wp\/v2\/comments?post=1952"}],"version-history":[{"count":4,"href":"https:\/\/gemmavalls.com\/es\/wp-json\/wp\/v2\/pages\/1952\/revisions"}],"predecessor-version":[{"id":2053,"href":"https:\/\/gemmavalls.com\/es\/wp-json\/wp\/v2\/pages\/1952\/revisions\/2053"}],"wp:attachment":[{"href":"https:\/\/gemmavalls.com\/es\/wp-json\/wp\/v2\/media?parent=1952"}],"curies":[{"name":"wp","href":"https:\/\/api.w.org\/{rel}","templated":true}]}}