{"id":1956,"date":"2018-12-07T10:50:13","date_gmt":"2018-12-07T09:50:13","guid":{"rendered":"http:\/\/gemmavalls.com\/politica-de-cookies-copy\/"},"modified":"2020-12-09T13:12:49","modified_gmt":"2020-12-09T12:12:49","slug":"aviso-legal","status":"publish","type":"page","link":"https:\/\/gemmavalls.com\/es\/aviso-legal\/","title":{"rendered":"Aviso Legal"},"content":{"rendered":"<h3>AVISO LEGAL<\/h3>\n<p><strong>1.\u00a0\u00a0 \u00a0Objeto y aceptaci\u00f3n<\/strong><br \/>\nEl presente aviso legal regula el uso de nuestro sitio web, del que es titular <strong>GEMMA VALLS RICART<\/strong> . La navegaci\u00f3n por el sitio web de <strong>GEMMA VALLS RICART<\/strong> atribuye la condici\u00f3n de usuario del mismo e implica la aceptaci\u00f3n plena y sin reservas de todas y cada una de las disposiciones incluidas en este Aviso Legal, que pueden sufrir modificaciones. Usted se obliga a hacer un uso correcto del sitio web de conformidad con las leyes, la buena fe, el orden p\u00fablico, los usos del tr\u00e1fico y el presente <strong>Aviso Legal<\/strong>. El usted responder\u00e1 frente a <strong>GEMMA VALLS RICART<\/strong> o frente a terceros, de cualesquiera da\u00f1os y perjuicios que pudieran causarle como consecuencia del incumplimiento de dicha obligaci\u00f3n.<\/p>\n<p><strong>2.\u00a0\u00a0 \u00a0Identificaci\u00f3n y comunicaciones<\/strong><br \/>\n<strong>GEMMA VALLS RICART<\/strong>, en cumplimiento de la Ley 34\/2002, de 11 de julio, de servicios de la sociedad de la informaci\u00f3n y de comercio electr\u00f3nico, le informa de que:<br \/>\no\u00a0\u00a0 \u00a0Su denominaci\u00f3n social es: <strong>GEMMA VALLS RICART<\/strong><br \/>\no\u00a0\u00a0 \u00a0Su CIF es: <strong>43704349W<\/strong><br \/>\no\u00a0\u00a0 \u00a0Su domicilio social est\u00e1 en: <strong>CARRER CAVALLERS, 3, 1 &#8211; (25002) LLEIDA<\/strong><br \/>\nPara comunicarse con nosotros, ponemos a su disposici\u00f3n diferentes medios de contacto especificados en la <strong>pol\u00edtica de privacidad.<\/strong><\/p>\n<p>Todas las notificaciones y comunicaciones que realice con GEMMA VALLS RICART se considerar\u00e1n eficaces, a todos los efectos, siempre y cuando se realicen por los medios especificados anteriormente<\/p>\n<p><strong>3.\u00a0\u00a0 \u00a0Condiciones de acceso y utilizaci\u00f3n<\/strong><br \/>\nEl sitio web y sus servicios son de acceso libre, no obstante, <strong>GEMMA VALLS RICART<\/strong> condiciona la utilizaci\u00f3n de algunos de los servicios ofrecidos en su web a la previa cumplimentaci\u00f3n del correspondiente formulario.<br \/>\nUsted garantiza la autenticidad y actualidad de todos aquellos datos que comunique a <strong>GEMMA VALLS RICART<\/strong> y ser\u00e1 el \u00fanico responsable de las manifestaciones falsas o inexactas que realice.<br \/>\nUsted se compromete expresamente a hacer un uso adecuado de los contenidos y servicios de EL <strong>GEMMA VALLS RICART<\/strong> y a no emplearlos para, entre otros:<\/p>\n<p style=\"padding-left: 30px;\">o\u00a0\u00a0 \u00a0Difundir contenidos, delictivos, violentos, pornogr\u00e1ficos, racistas, xen\u00f3fobo, ofensivos, de apolog\u00eda del terrorismo o, en general, contrarios a la ley o al orden p\u00fablico.<br \/>\no\u00a0\u00a0 \u00a0Introducir en la red virus inform\u00e1ticos o realizar actuaciones susceptibles de alterar, estropear, interrumpir o generar errores o da\u00f1os en los documentos electr\u00f3nicos, datos o sistemas f\u00edsicos y l\u00f3gicos de <strong>GEMMA VALLS RICART<\/strong> o de terceras personas; as\u00ed como obstaculizar el acceso de otros usuarios al sitio web y a sus servicios mediante el consumo masivo de los recursos inform\u00e1ticos a trav\u00e9s de los cuales <strong>GEMMA VALLS RICART<\/strong> presta sus servicios.<br \/>\no\u00a0\u00a0 \u00a0Intentar acceder datos de otros personas o a \u00e1reas restringidas de los sistemas inform\u00e1ticos de <strong>GEMMA VALLS RICART<\/strong> o de terceros y, en su caso, extraer informaci\u00f3n.<br \/>\no\u00a0\u00a0 \u00a0Vulnerar los derechos de propiedad intelectual o industrial, as\u00ed como violar la confidencialidad de la informaci\u00f3n de <strong>GEMMA VALLS RICART<\/strong> o de terceros.<br \/>\no\u00a0\u00a0 \u00a0Suplantar la identidad de otro usuario, de las administraciones p\u00fablicas o de un tercero.<br \/>\no\u00a0\u00a0 \u00a0Reproducir, copiar, distribuir, poner a disposici\u00f3n o de cualquier otra forma comunicar p\u00fablicamente, transformar o modificar los contenidos, a menos que se cuente con la autorizaci\u00f3n del titular de los correspondientes derechos o ello resulte legalmente permitido.<br \/>\no\u00a0\u00a0 \u00a0Recabar datos con finalidad publicitaria y de remitir publicidad de cualquier clase y comunicaciones con fines de venta u otras de naturaleza comercial sin que medie su previa solicitud o consentimiento.<\/p>\n<p>Todos los contenidos del sitio web, como textos, fotograf\u00edas, gr\u00e1ficos, im\u00e1genes, iconos, tecnolog\u00eda, software, as\u00ed como su dise\u00f1o gr\u00e1fico y c\u00f3digos fuente, constituyen una obra cuya propiedad pertenece a <strong>GEMMA VALLS RICART<\/strong>, sin que puedan entenderse como cedidos ninguno de los derechos de explotaci\u00f3n sobre los mismos m\u00e1s all\u00e1 de lo estrictamente necesario para el correcto uso de la web.<br \/>\nEn definitiva, usted que accede a este sitio web, puede visualizar los contenidos y efectuar, en su caso, copias privadas autorizadas siempre que los elementos reproducidos no sean cedidos posteriormente a terceros, ni se instalen a servidores conectados a redes, ni sean objeto de ning\u00fan tipo de explotaci\u00f3n.<br \/>\nAsimismo, todas las marcas, nombres comerciales o signos distintivos de cualquier clase que aparecen en el sitio web son propiedad de <strong>GEMMA VALLS RICART<\/strong>, sin que pueda entenderse que el uso o acceso al mismo le atribuya derecho alguno sobre los mismos.<br \/>\nLa distribuci\u00f3n, modificaci\u00f3n, cesi\u00f3n o comunicaci\u00f3n p\u00fablica de los contenidos y cualquier otro acto que no haya sido expresamente autorizado por el titular de los derechos de explotaci\u00f3n quedan prohibidos.<\/p>\n<p>El establecimiento de un hiperenlace no implica en ning\u00fan caso la existencia de relaciones entre <strong>GEMMA VALLS RICART<\/strong> y el propietario del sitio web en la que se establezca, ni la aceptaci\u00f3n y aprobaci\u00f3n por parte de <strong>GEMMA VALLS RICART <\/strong>de sus contenidos o servicios. Aquellas personas que se propongan establecer un hiperenlace previamente deber\u00e1n solicitar autorizaci\u00f3n por escrito a <strong>GEMMA VALLS RICART<\/strong>. En todo caso, el hiperenlace \u00fanicamente permitir\u00e1 el acceso a la home-page o p\u00e1gina de inicio de nuestro sitio web, asimismo deber\u00e1 abstenerse de realizar manifestaciones o indicaciones falsas, inexactas o incorrectas sobre <strong>GEMMA VALLS RICART<\/strong>, o incluir contenidos il\u00edcitos, contrarios a las buenas costumbres y al orden p\u00fablico.<\/p>\n<p><strong>GEMMA VALLS RICART<\/strong> no se responsabiliza del uso que cada usuario le d\u00e9 a los materiales puestos a disposici\u00f3n en este sitio web ni de las actuaciones que realice en base a los mismos.<br \/>\n<strong><br \/>\n4.\u00a0\u00a0 \u00a0Exclusi\u00f3n de garant\u00edas y de responsabilidad<\/strong><br \/>\n<strong>GEMMA VALLS RICART<\/strong> excluye, hasta donde permite el ordenamiento jur\u00eddico, cualquier responsabilidad por los da\u00f1os y perjuicios de toda naturaleza derivados de:<\/p>\n<p style=\"padding-left: 30px;\">o\u00a0\u00a0 \u00a0La imposibilidad de acceso al sitio web o la falta de veracidad, exactitud, exhaustividad y\/o actualidad de los contenidos, as\u00ed como la existencia de vicios y defectos de toda clase de los contenidos transmitidos, difundidos, almacenados, puestos a disposici\u00f3n a los que se haya accedido a trav\u00e9s del sitio web o de los servicios que se ofrecen.<br \/>\no\u00a0\u00a0 \u00a0La presencia de virus o de otros elementos en los contenidos que puedan producir alteraciones en los sistemas inform\u00e1ticos, documentos electr\u00f3nicos o datos de los usuarios.<br \/>\no\u00a0\u00a0 \u00a0El incumplimiento de las leyes, la buena fe, el orden p\u00fablico, los usos del tr\u00e1fico y el presente aviso legal como consecuencia del uso incorrecto del sitio web. En particular, y a modo ejemplificativo, <strong>GEMMA VALLS RICART <\/strong>no se hace responsable de las actuaciones de terceros que vulneren derechos de propiedad intelectual e industrial, secretos empresariales, derechos al honor, a la intimidad personal y familiar y a la propia imagen, as\u00ed como la normativa en materia de competencia desleal y publicidad il\u00edcita.<br \/>\nAsimismo, <strong>GEMMA VALLS RICART <\/strong>declina cualquier responsabilidad respecto a la informaci\u00f3n que se halle fuera de esta web y no sea gestionada directamente por nuestro webmaster. La funci\u00f3n de los links que aparecen en esta web es exclusivamente la de informar al usuario sobre la existencia de otras fuentes susceptibles de ampliar los contenidos que ofrece este sitio web. <strong>GEMMA VALLS RICART <\/strong>no garantiza ni se responsabiliza del funcionamiento o accesibilidad de los sitios enlazados; ni sugiere, invita o recomienda la visita a los mismos, por lo que tampoco ser\u00e1 responsable del resultado obtenido. <strong>GEMMA VALLS RICART <\/strong>no se responsabiliza del establecimiento de hiperv\u00ednculos por parte de terceros.<\/p>\n<p><strong>5.\u00a0\u00a0 \u00a0Procedimiento en caso de realizaci\u00f3n de actividades de car\u00e1cter il\u00edcito<\/strong><br \/>\nEn el caso de que usted o un tercero considere que existen hechos o circunstancias que revelen el car\u00e1cter il\u00edcito de la utilizaci\u00f3n de cualquier contenido y\/o de la realizaci\u00f3n de cualquier actividad en las p\u00e1ginas web incluidas o accesibles a trav\u00e9s del sitio web, deber\u00e1 ponerse en contacto con <strong>GEMMA VALLS RICART<\/strong> identific\u00e1ndose debidamente, especificando las supuestas infracciones y declarando expresamente y bajo su responsabilidad que la informaci\u00f3n proporcionada en la notificaci\u00f3n es exacta.<br \/>\nPara toda cuesti\u00f3n litigiosa que incumba al sitio web de <strong>GEMMA VALLS RICART<\/strong>, ser\u00e1 de aplicaci\u00f3n la legislaci\u00f3n espa\u00f1ola, siendo competentes los Juzgados y Tribunales m\u00e1s cercanos a la sede de (Espa\u00f1a).<\/p>\n<p><strong>6.\u00a0\u00a0 \u00a0Publicaciones<\/strong><br \/>\nLa informaci\u00f3n administrativa facilitada a trav\u00e9s del sitio web no sustituye la publicidad legal de las leyes, normativas, planes, disposiciones generales y actos que tengan que ser publicados formalmente a los diarios oficiales de las administraciones p\u00fablicas, que constituyen el \u00fanico instrumento que da fe de su autenticidad y contenido. La informaci\u00f3n disponible en este sitio web debe entenderse como una gu\u00eda sin prop\u00f3sito de validez legal.<\/p>\n","protected":false},"excerpt":{"rendered":"<p>AVISO LEGAL 1.\u00a0\u00a0 \u00a0Objeto y aceptaci\u00f3n El presente aviso legal regula el uso de nuestro sitio web, del que es titular GEMMA VALLS RICART . La navegaci\u00f3n por el sitio web de GEMMA VALLS RICART atribuye la condici\u00f3n de usuario del mismo e implica la aceptaci\u00f3n plena y sin reservas de todas y cada una [&hellip;]<\/p>\n","protected":false},"author":7,"featured_media":0,"parent":0,"menu_order":9,"comment_status":"closed","ping_status":"closed","template":"","meta":{"footnotes":""},"class_list":["post-1956","page","type-page","status-publish","hentry"],"yoast_head":"<!-- This site is optimized with the Yoast SEO plugin v26.8 - https:\/\/yoast.com\/product\/yoast-seo-wordpress\/ -->\n<title>Aviso Legal | Gemma Valls<\/title>\n<meta name=\"robots\" content=\"index, follow, max-snippet:-1, max-image-preview:large, max-video-preview:-1\" \/>\n<link rel=\"canonical\" href=\"https:\/\/gemmavalls.com\/es\/aviso-legal\/\" \/>\n<meta property=\"og:locale\" content=\"es_ES\" \/>\n<meta property=\"og:type\" content=\"article\" \/>\n<meta property=\"og:title\" content=\"Aviso Legal | Gemma Valls\" \/>\n<meta property=\"og:description\" content=\"AVISO LEGAL 1.\u00a0\u00a0 \u00a0Objeto y aceptaci\u00f3n El presente aviso legal regula el uso de nuestro sitio web, del que es titular GEMMA VALLS RICART . La navegaci\u00f3n por el sitio web de GEMMA VALLS RICART atribuye la condici\u00f3n de usuario del mismo e implica la aceptaci\u00f3n plena y sin reservas de todas y cada una [&hellip;]\" \/>\n<meta property=\"og:url\" content=\"https:\/\/gemmavalls.com\/es\/aviso-legal\/\" \/>\n<meta property=\"og:site_name\" content=\"Gemma Valls\" \/>\n<meta property=\"article:publisher\" content=\"https:\/\/www.facebook.com\/gemmavallsginecologa\" \/>\n<meta property=\"article:modified_time\" content=\"2020-12-09T12:12:49+00:00\" \/>\n<meta property=\"og:image\" content=\"https:\/\/gemmavalls.com\/wp-content\/uploads\/2017\/05\/picto.jpg\" \/>\n\t<meta property=\"og:image:width\" content=\"521\" \/>\n\t<meta property=\"og:image:height\" content=\"521\" \/>\n\t<meta property=\"og:image:type\" content=\"image\/jpeg\" \/>\n<meta name=\"twitter:card\" content=\"summary_large_image\" \/>\n<meta name=\"twitter:label1\" content=\"Tiempo de lectura\" \/>\n\t<meta name=\"twitter:data1\" content=\"7 minutos\" \/>\n<script type=\"application\/ld+json\" class=\"yoast-schema-graph\">{\"@context\":\"https:\/\/schema.org\",\"@graph\":[{\"@type\":\"WebPage\",\"@id\":\"https:\/\/gemmavalls.com\/es\/aviso-legal\/\",\"url\":\"https:\/\/gemmavalls.com\/es\/aviso-legal\/\",\"name\":\"Aviso Legal | Gemma Valls\",\"isPartOf\":{\"@id\":\"https:\/\/gemmavalls.com\/es\/#website\"},\"datePublished\":\"2018-12-07T09:50:13+00:00\",\"dateModified\":\"2020-12-09T12:12:49+00:00\",\"breadcrumb\":{\"@id\":\"https:\/\/gemmavalls.com\/es\/aviso-legal\/#breadcrumb\"},\"inLanguage\":\"es\",\"potentialAction\":[{\"@type\":\"ReadAction\",\"target\":[\"https:\/\/gemmavalls.com\/es\/aviso-legal\/\"]}]},{\"@type\":\"BreadcrumbList\",\"@id\":\"https:\/\/gemmavalls.com\/es\/aviso-legal\/#breadcrumb\",\"itemListElement\":[{\"@type\":\"ListItem\",\"position\":1,\"name\":\"Home\",\"item\":\"https:\/\/gemmavalls.com\/es\/ginecologia-y-obstetricia-especialista-en-menopausia\/\"},{\"@type\":\"ListItem\",\"position\":2,\"name\":\"Aviso Legal\"}]},{\"@type\":\"WebSite\",\"@id\":\"https:\/\/gemmavalls.com\/es\/#website\",\"url\":\"https:\/\/gemmavalls.com\/es\/\",\"name\":\"Gemma Valls | ginec\u00f2loga\",\"description\":\"Ginecolog\u00eda y obstetricia\",\"publisher\":{\"@id\":\"https:\/\/gemmavalls.com\/es\/#organization\"},\"alternateName\":\"Dra. Gemma Valls Ricart\",\"potentialAction\":[{\"@type\":\"SearchAction\",\"target\":{\"@type\":\"EntryPoint\",\"urlTemplate\":\"https:\/\/gemmavalls.com\/es\/?s={search_term_string}\"},\"query-input\":{\"@type\":\"PropertyValueSpecification\",\"valueRequired\":true,\"valueName\":\"search_term_string\"}}],\"inLanguage\":\"es\"},{\"@type\":\"Organization\",\"@id\":\"https:\/\/gemmavalls.com\/es\/#organization\",\"name\":\"Dra. Gemma Valls Ricart\",\"alternateName\":\"Gemma Valls ginecologia\",\"url\":\"https:\/\/gemmavalls.com\/es\/\",\"logo\":{\"@type\":\"ImageObject\",\"inLanguage\":\"es\",\"@id\":\"https:\/\/gemmavalls.com\/es\/#\/schema\/logo\/image\/\",\"url\":\"https:\/\/gemmavalls.com\/wp-content\/uploads\/2017\/05\/picto.jpg\",\"contentUrl\":\"https:\/\/gemmavalls.com\/wp-content\/uploads\/2017\/05\/picto.jpg\",\"width\":521,\"height\":521,\"caption\":\"Dra. Gemma Valls Ricart\"},\"image\":{\"@id\":\"https:\/\/gemmavalls.com\/es\/#\/schema\/logo\/image\/\"},\"sameAs\":[\"https:\/\/www.facebook.com\/gemmavallsginecologa\",\"https:\/\/www.instagram.com\/dra.gemmavalls\/\"]}]}<\/script>\n<!-- \/ Yoast SEO plugin. -->","yoast_head_json":{"title":"Aviso Legal | Gemma Valls","robots":{"index":"index","follow":"follow","max-snippet":"max-snippet:-1","max-image-preview":"max-image-preview:large","max-video-preview":"max-video-preview:-1"},"canonical":"https:\/\/gemmavalls.com\/es\/aviso-legal\/","og_locale":"es_ES","og_type":"article","og_title":"Aviso Legal | Gemma Valls","og_description":"AVISO LEGAL 1.\u00a0\u00a0 \u00a0Objeto y aceptaci\u00f3n El presente aviso legal regula el uso de nuestro sitio web, del que es titular GEMMA VALLS RICART . La navegaci\u00f3n por el sitio web de GEMMA VALLS RICART atribuye la condici\u00f3n de usuario del mismo e implica la aceptaci\u00f3n plena y sin reservas de todas y cada una [&hellip;]","og_url":"https:\/\/gemmavalls.com\/es\/aviso-legal\/","og_site_name":"Gemma Valls","article_publisher":"https:\/\/www.facebook.com\/gemmavallsginecologa","article_modified_time":"2020-12-09T12:12:49+00:00","og_image":[{"width":521,"height":521,"url":"https:\/\/gemmavalls.com\/wp-content\/uploads\/2017\/05\/picto.jpg","type":"image\/jpeg"}],"twitter_card":"summary_large_image","twitter_misc":{"Tiempo de lectura":"7 minutos"},"schema":{"@context":"https:\/\/schema.org","@graph":[{"@type":"WebPage","@id":"https:\/\/gemmavalls.com\/es\/aviso-legal\/","url":"https:\/\/gemmavalls.com\/es\/aviso-legal\/","name":"Aviso Legal | Gemma Valls","isPartOf":{"@id":"https:\/\/gemmavalls.com\/es\/#website"},"datePublished":"2018-12-07T09:50:13+00:00","dateModified":"2020-12-09T12:12:49+00:00","breadcrumb":{"@id":"https:\/\/gemmavalls.com\/es\/aviso-legal\/#breadcrumb"},"inLanguage":"es","potentialAction":[{"@type":"ReadAction","target":["https:\/\/gemmavalls.com\/es\/aviso-legal\/"]}]},{"@type":"BreadcrumbList","@id":"https:\/\/gemmavalls.com\/es\/aviso-legal\/#breadcrumb","itemListElement":[{"@type":"ListItem","position":1,"name":"Home","item":"https:\/\/gemmavalls.com\/es\/ginecologia-y-obstetricia-especialista-en-menopausia\/"},{"@type":"ListItem","position":2,"name":"Aviso Legal"}]},{"@type":"WebSite","@id":"https:\/\/gemmavalls.com\/es\/#website","url":"https:\/\/gemmavalls.com\/es\/","name":"Gemma Valls | ginec\u00f2loga","description":"Ginecolog\u00eda y obstetricia","publisher":{"@id":"https:\/\/gemmavalls.com\/es\/#organization"},"alternateName":"Dra. Gemma Valls Ricart","potentialAction":[{"@type":"SearchAction","target":{"@type":"EntryPoint","urlTemplate":"https:\/\/gemmavalls.com\/es\/?s={search_term_string}"},"query-input":{"@type":"PropertyValueSpecification","valueRequired":true,"valueName":"search_term_string"}}],"inLanguage":"es"},{"@type":"Organization","@id":"https:\/\/gemmavalls.com\/es\/#organization","name":"Dra. Gemma Valls Ricart","alternateName":"Gemma Valls ginecologia","url":"https:\/\/gemmavalls.com\/es\/","logo":{"@type":"ImageObject","inLanguage":"es","@id":"https:\/\/gemmavalls.com\/es\/#\/schema\/logo\/image\/","url":"https:\/\/gemmavalls.com\/wp-content\/uploads\/2017\/05\/picto.jpg","contentUrl":"https:\/\/gemmavalls.com\/wp-content\/uploads\/2017\/05\/picto.jpg","width":521,"height":521,"caption":"Dra. Gemma Valls Ricart"},"image":{"@id":"https:\/\/gemmavalls.com\/es\/#\/schema\/logo\/image\/"},"sameAs":["https:\/\/www.facebook.com\/gemmavallsginecologa","https:\/\/www.instagram.com\/dra.gemmavalls\/"]}]}},"_links":{"self":[{"href":"https:\/\/gemmavalls.com\/es\/wp-json\/wp\/v2\/pages\/1956","targetHints":{"allow":["GET"]}}],"collection":[{"href":"https:\/\/gemmavalls.com\/es\/wp-json\/wp\/v2\/pages"}],"about":[{"href":"https:\/\/gemmavalls.com\/es\/wp-json\/wp\/v2\/types\/page"}],"author":[{"embeddable":true,"href":"https:\/\/gemmavalls.com\/es\/wp-json\/wp\/v2\/users\/7"}],"replies":[{"embeddable":true,"href":"https:\/\/gemmavalls.com\/es\/wp-json\/wp\/v2\/comments?post=1956"}],"version-history":[{"count":4,"href":"https:\/\/gemmavalls.com\/es\/wp-json\/wp\/v2\/pages\/1956\/revisions"}],"predecessor-version":[{"id":2051,"href":"https:\/\/gemmavalls.com\/es\/wp-json\/wp\/v2\/pages\/1956\/revisions\/2051"}],"wp:attachment":[{"href":"https:\/\/gemmavalls.com\/es\/wp-json\/wp\/v2\/media?parent=1956"}],"curies":[{"name":"wp","href":"https:\/\/api.w.org\/{rel}","templated":true}]}}